{"id":100,"date":"2019-04-09T00:04:17","date_gmt":"2019-04-09T06:04:17","guid":{"rendered":"http:\/\/tecnoagua.com.mx\/site\/?page_id=100"},"modified":"2021-04-19T22:23:20","modified_gmt":"2021-04-20T04:23:20","slug":"tanques-y-toberas","status":"publish","type":"page","link":"http:\/\/tecnoagua.com.mx\/site\/tanques-y-toberas\/","title":{"rendered":"TANQUES Y TOBERAS"},"content":{"rendered":"<p>[vc_row][vc_column][vc_column_text css_animation=&#8221;fadeIn&#8221;]Manejamos una gran variedad de partes y componentes para ensamblar filtros de zeolita, carb\u00f3n activado, lecho profundo, lecho mixto, suavizadores, desmineralizadores, que incluyen tanques de fibra de vidrio, v\u00e1lvulas autom\u00e1ticas, distribuidores, difusores, tanques de salmuera, medias filtrantes, sal industrial, etc.<\/p>\n<p>&nbsp;<\/p>\n<p><strong>TANQUES DE FIBRA DE VIDRIO<\/strong><\/p>\n<p>Fabricados con c\u00e1psula interior de polietileno grado alimenticio (FDA) reforzados con fibra de vidrio, para una presi\u00f3n m\u00e1xima de trabajo de 150 psi, medidas desde 7&#8243; hasta 63&#8243; de di\u00e1metro. Cuentan con certificaci\u00f3n NSF.<\/p>\n<p><strong>\u00a0<\/strong><\/p>\n<p><strong>TANQUES DE SALMUERA<\/strong><\/p>\n<p>Fabricados en polietileno de alta densidad, medidas desde 18&#8243;x33&#8243; hasta 50&#8243; x 60&#8243;. V\u00e1lvulas de salmuera con flotador de protecci\u00f3n contra derrame, v\u00e1lvula check de aire y colador.<\/p>\n<p><strong>\u00a0<\/strong><\/p>\n<p><strong>TOBERAS<\/strong><\/p>\n<p>Toberas (distribuidores, espreas o difusores) microranuradas en polipropileno y ABS de \u00bd&#8221; hasta 2&#8243;. Distribuidores tipo centro y laterales radiales tambi\u00e9n conocidos como &#8220;pulpo&#8221; &#8220;ara\u00f1a&#8221; o &#8220;estrella&#8221;, en ABS\/PVC\/Polipropileno para tanques desde 24\u201d hasta 63&#8243; de di\u00e1metro[\/vc_column_text][\/vc_column][\/vc_row][vc_row][vc_column][vc_single_image image=&#8221;102&#8243; img_size=&#8221;full&#8221; alignment=&#8221;center&#8221;][\/vc_column][\/vc_row]<\/p>\n","protected":false},"excerpt":{"rendered":"<p>[vc_row][vc_column][vc_column_text css_animation=&#8221;fadeIn&#8221;]Manejamos una gran variedad de partes y componentes para ensamblar filtros de zeolita, carb\u00f3n activado, lecho profundo, lecho mixto, suavizadores, desmineralizadores, que incluyen tanques de fibra de vidrio, v\u00e1lvulas autom\u00e1ticas, distribuidores, difusores, tanques de salmuera, medias filtrantes, sal industrial, etc. &nbsp; TANQUES DE FIBRA DE VIDRIO Fabricados con c\u00e1psula interior de polietileno grado alimenticio (FDA) reforzados con fibra de&#8230;<\/p>\n","protected":false},"author":2,"featured_media":0,"parent":0,"menu_order":0,"comment_status":"closed","ping_status":"closed","template":"page-no-sidebar.php","meta":[],"_links":{"self":[{"href":"http:\/\/tecnoagua.com.mx\/site\/wp-json\/wp\/v2\/pages\/100"}],"collection":[{"href":"http:\/\/tecnoagua.com.mx\/site\/wp-json\/wp\/v2\/pages"}],"about":[{"href":"http:\/\/tecnoagua.com.mx\/site\/wp-json\/wp\/v2\/types\/page"}],"author":[{"embeddable":true,"href":"http:\/\/tecnoagua.com.mx\/site\/wp-json\/wp\/v2\/users\/2"}],"replies":[{"embeddable":true,"href":"http:\/\/tecnoagua.com.mx\/site\/wp-json\/wp\/v2\/comments?post=100"}],"version-history":[{"count":2,"href":"http:\/\/tecnoagua.com.mx\/site\/wp-json\/wp\/v2\/pages\/100\/revisions"}],"predecessor-version":[{"id":103,"href":"http:\/\/tecnoagua.com.mx\/site\/wp-json\/wp\/v2\/pages\/100\/revisions\/103"}],"wp:attachment":[{"href":"http:\/\/tecnoagua.com.mx\/site\/wp-json\/wp\/v2\/media?parent=100"}],"curies":[{"name":"wp","href":"https:\/\/api.w.org\/{rel}","templated":true}]}}