{"id":154,"date":"2019-04-09T00:32:05","date_gmt":"2019-04-09T06:32:05","guid":{"rendered":"http:\/\/tecnoagua.com.mx\/site\/?page_id=154"},"modified":"2021-04-19T22:23:12","modified_gmt":"2021-04-20T04:23:12","slug":"sistemas-de-cloracion-automaticos","status":"publish","type":"page","link":"http:\/\/tecnoagua.com.mx\/site\/sistemas-de-cloracion-automaticos\/","title":{"rendered":"SISTEMAS DE CLORACION AUTOMATICOS"},"content":{"rendered":"<p>[vc_row][vc_column][vc_column_text]La uni\u00f3n de dos marcas l\u00edderes en el mercado en combinaci\u00f3n con las necesidades de operar, controlar y monitorear de manera eficiente la dosificaci\u00f3n de cloro en sistemas de suministro de agua, llevo al equipo de ingenier\u00eda de TECNOAGUA a fusionar lo \u00faltimo en tecnolog\u00eda obteniendo sorprendentes resultados.[\/vc_column_text][vc_single_image image=&#8221;155&#8243; img_size=&#8221;full&#8221;][\/vc_column][\/vc_row]<\/p>\n","protected":false},"excerpt":{"rendered":"<p>[vc_row][vc_column][vc_column_text]La uni\u00f3n de dos marcas l\u00edderes en el mercado en combinaci\u00f3n con las necesidades de operar, controlar y monitorear de manera eficiente la dosificaci\u00f3n de cloro en sistemas de suministro de agua, llevo al equipo de ingenier\u00eda de TECNOAGUA a fusionar lo \u00faltimo en tecnolog\u00eda obteniendo sorprendentes resultados.[\/vc_column_text][vc_single_image image=&#8221;155&#8243; img_size=&#8221;full&#8221;][\/vc_column][\/vc_row]<\/p>\n","protected":false},"author":2,"featured_media":0,"parent":0,"menu_order":0,"comment_status":"closed","ping_status":"closed","template":"page-no-sidebar.php","meta":[],"_links":{"self":[{"href":"http:\/\/tecnoagua.com.mx\/site\/wp-json\/wp\/v2\/pages\/154"}],"collection":[{"href":"http:\/\/tecnoagua.com.mx\/site\/wp-json\/wp\/v2\/pages"}],"about":[{"href":"http:\/\/tecnoagua.com.mx\/site\/wp-json\/wp\/v2\/types\/page"}],"author":[{"embeddable":true,"href":"http:\/\/tecnoagua.com.mx\/site\/wp-json\/wp\/v2\/users\/2"}],"replies":[{"embeddable":true,"href":"http:\/\/tecnoagua.com.mx\/site\/wp-json\/wp\/v2\/comments?post=154"}],"version-history":[{"count":1,"href":"http:\/\/tecnoagua.com.mx\/site\/wp-json\/wp\/v2\/pages\/154\/revisions"}],"predecessor-version":[{"id":156,"href":"http:\/\/tecnoagua.com.mx\/site\/wp-json\/wp\/v2\/pages\/154\/revisions\/156"}],"wp:attachment":[{"href":"http:\/\/tecnoagua.com.mx\/site\/wp-json\/wp\/v2\/media?parent=154"}],"curies":[{"name":"wp","href":"https:\/\/api.w.org\/{rel}","templated":true}]}}